{"id":115,"date":"2024-10-02T19:07:48","date_gmt":"2024-10-02T17:07:48","guid":{"rendered":"https:\/\/gwaranx.cluster027.hosting.ovh.net\/?page_id=115"},"modified":"2024-10-13T17:23:43","modified_gmt":"2024-10-13T15:23:43","slug":"wymagane-dokumenty","status":"publish","type":"page","link":"https:\/\/www.gwarancje-kontraktowe.com\/index.php\/wymagane-dokumenty\/","title":{"rendered":"Wymagane dokumenty"},"content":{"rendered":"\n<p>Uzyskanie gwarancji, limitu okresowego wi\u0105\u017ce si\u0119 z konieczno\u015bci\u0105 przygotowania sporej ilo\u015bci dokumentacji. Ich analiza zajmuje r\u00f3wnie\u017c okre\u015blony czas, wi\u0119c musisz uzbroi\u0107 si\u0119 w cierpliwo\u015b\u0107. Do\u0142o\u017cymy wszelkich stara\u0144 aby skr\u00f3ci\u0107 termin udzielenia odpowiedzi do minimum.<\/p>\n\n\n\n<p><strong>Pierwsza cz\u0119\u015b\u0107 dokumentacji<\/strong><\/p>\n\n\n\n<ol start=\"1\" class=\"wp-block-list\">\n<li><strong>Pe\u0142nomocnictwo brokerskie<\/strong><\/li>\n<\/ol>\n\n\n\n<p>Jest to podstawowy dokument na podstawie kt\u00f3rego mo\u017cemy rozpocz\u0105\u0107 wsp\u00f3\u0142prac\u0119 oraz uzyska\u0107 w Twoim imieniu ofert\u0119 w zakresie gwarancji ubezpieczeniowych. Pragniemy jednocze\u015bnie zaznaczy\u0107, \u017ce podpisanie tego dokumentu nie wi\u0105\u017ce si\u0119 dla Ciebie z \u017cadnymi obowi\u0105zkami i kosztami.\u00a0<\/p>\n\n\n\n<p><strong>2. Wniosek o wydanie gwarancji\/udzielenie limitu<\/strong><\/p>\n\n\n\n<p>We wniosku okre\u015blamy oczekiwany limity gwarancyjne, przedstawiamy informacje odno\u015bnie firmy, jej sytuacji, historii kontrakt\u00f3w.<\/p>\n\n\n\n<p><strong>3. Dokumentacja finansowa<\/strong><\/p>\n\n\n\n<p>Niezb\u0119dna do oceny sytuacji finansowej i wiarygodno\u015bci Twojej firmy. Na tej podstawie firma ubezpieczeniowa zaproponuje limity gwarancyjne jakich mo\u017ce Ci udzieli\u0107.<\/p>\n\n\n\n<p>Firmy na pe\u0142nej ksi\u0119gowo\u015bci:<\/p>\n\n\n\n<ul class=\"wp-block-list\">\n<li>Bilans za poprzednie 3 pe\u0142ne lata\u00a0<\/li>\n\n\n\n<li>Rachunek zysk\u00f3w i strat za zako\u0144czone miesi\u0105ce bie\u017c\u0105cego roku<\/li>\n<\/ul>\n\n\n\n<p>Osoby fizyczne prowadz\u0105ce dzia\u0142alno\u015b\u0107 gospodarcz\u0105:<\/p>\n\n\n\n<ul class=\"wp-block-list\">\n<li>Pit 36 za ostatnie 3 lata<\/li>\n\n\n\n<li>KPiR za ostatnie 3 lata<\/li>\n\n\n\n<li>KPiR za zako\u0144czony miesi\u0105c bie\u017c\u0105cego roku narastaj\u0105co<\/li>\n\n\n\n<li>O\u015bwiadczenie maj\u0105tkowe<\/li>\n<\/ul>\n\n\n\n<p>W przypadku os\u00f3b na rycza\u0142cie klient przedstawia PIT28<\/p>\n\n\n\n<p>UWAGA. W przypadku firmy dzia\u0142aj\u0105cych na rynku kr\u00f3cej ni\u017c 3 lata, przedstawiamy w\/w dokumentacj\u0119 za ca\u0142y okres dzia\u0142alno\u015bci firmy<\/p>\n\n\n\n<p><strong>4. Referencje.\u00a0<\/strong><\/p>\n\n\n\n<p>Tu obowi\u0105zuje zasada: im wi\u0119cej tym lepiej, im wi\u0119ksze tym lepiej. Ubezpieczyciele chc\u0105 mie\u0107 pewno\u015b\u0107, \u017ce realizowa\u0142e\u015b ju\u017c podobne kontrakty, czy wyst\u0119powa\u0142y op\u00f3\u017anienia, problemy z realizacj\u0105.<\/p>\n\n\n\n<p><strong>Druga cz\u0119\u015b\u0107 dokumentacji<\/strong><\/p>\n\n\n\n<p>Na podstawie powy\u017cszych dokument\u00f3w ubezpieczyciel zaproponuje Ci limit gwarancyjny, wst\u0119pne stawki jakie b\u0119d\u0105 Ci\u0119 obowi\u0105zywa\u0142y przy wydawaniu gwarancji. Je\u017celi to zaakceptujemy, b\u0119dziemy musieli przedstawi\u0107 dodatkowe dokumenty niezb\u0119dne do przygotowania umowy.<\/p>\n\n\n\n<ol start=\"1\" class=\"wp-block-list\">\n<li>Opinie bankowe<\/li>\n\n\n\n<li>Za\u015bwiadczenie z ZUS i US o niezaleganiu<\/li>\n\n\n\n<li>Dodatkowe dokumenty niezb\u0119dne do ustanowienia zabezpiecze\u0144<\/li>\n<\/ol>\n\n\n\n<p><strong>Zabezpieczenie umowy<\/strong><\/p>\n\n\n\n<p>Ka\u017cda umowa o udzielenie gwarancji musi by\u0107 zabezpieczona. Minimum to s\u0105 weksle podpisane przez Sp\u00f3\u0142k\u0119\/osob\u0119 fizyczn\u0105. Sporadycznie, przy du\u017cych limitach dla firm w s\u0142abszej kondycji mo\u017ce to by\u0107 cesja na nieruchomo\u015bci, przew\u0142aszczenie na parku maszynowym.\u00a0<\/p>\n\n\n\n<p class=\"has-text-align-center\">Po podpisaniu umowy o udzielenie limitu mamy z g\u00f3rki, po Twojej stronie zostaje zacz\u0105\u0107 przegl\u0105da\u0107 og\u0142oszenia przetargowe i decydowa\u0107 do kt\u00f3rych Twoja firma b\u0119dzie przyst\u0119powa\u0107. My zajmiemy si\u0119 ich zabezpieczeniem.<\/p>\n","protected":false},"excerpt":{"rendered":"<p>Uzyskanie gwarancji, limitu okresowego wi\u0105\u017ce si\u0119 z konieczno\u015bci\u0105 przygotowania sporej ilo\u015bci dokumentacji. Ich analiza zajmuje r\u00f3wnie\u017c okre\u015blony czas, wi\u0119c musisz uzbroi\u0107 si\u0119 w cierpliwo\u015b\u0107. Do\u0142o\u017cymy wszelkich stara\u0144 aby skr\u00f3ci\u0107 termin udzielenia odpowiedzi do minimum. Pierwsza cz\u0119\u015b\u0107 dokumentacji Jest to podstawowy dokument na podstawie kt\u00f3rego mo\u017cemy rozpocz\u0105\u0107 wsp\u00f3\u0142prac\u0119 oraz uzyska\u0107 w Twoim imieniu ofert\u0119 w zakresie [&hellip;]<\/p>\n","protected":false},"author":1,"featured_media":0,"parent":0,"menu_order":0,"comment_status":"closed","ping_status":"closed","template":"","meta":{"footnotes":""},"class_list":["post-115","page","type-page","status-publish","hentry"],"jetpack_sharing_enabled":true,"_links":{"self":[{"href":"https:\/\/www.gwarancje-kontraktowe.com\/index.php\/wp-json\/wp\/v2\/pages\/115","targetHints":{"allow":["GET"]}}],"collection":[{"href":"https:\/\/www.gwarancje-kontraktowe.com\/index.php\/wp-json\/wp\/v2\/pages"}],"about":[{"href":"https:\/\/www.gwarancje-kontraktowe.com\/index.php\/wp-json\/wp\/v2\/types\/page"}],"author":[{"embeddable":true,"href":"https:\/\/www.gwarancje-kontraktowe.com\/index.php\/wp-json\/wp\/v2\/users\/1"}],"replies":[{"embeddable":true,"href":"https:\/\/www.gwarancje-kontraktowe.com\/index.php\/wp-json\/wp\/v2\/comments?post=115"}],"version-history":[{"count":3,"href":"https:\/\/www.gwarancje-kontraktowe.com\/index.php\/wp-json\/wp\/v2\/pages\/115\/revisions"}],"predecessor-version":[{"id":173,"href":"https:\/\/www.gwarancje-kontraktowe.com\/index.php\/wp-json\/wp\/v2\/pages\/115\/revisions\/173"}],"wp:attachment":[{"href":"https:\/\/www.gwarancje-kontraktowe.com\/index.php\/wp-json\/wp\/v2\/media?parent=115"}],"curies":[{"name":"wp","href":"https:\/\/api.w.org\/{rel}","templated":true}]}}