{"id":27,"date":"2024-10-01T21:36:10","date_gmt":"2024-10-01T19:36:10","guid":{"rendered":"http:\/\/gwaranx.cluster027.hosting.ovh.net\/?page_id=27"},"modified":"2024-10-13T13:07:48","modified_gmt":"2024-10-13T11:07:48","slug":"gwarancje-wadialne","status":"publish","type":"page","link":"https:\/\/www.gwarancje-kontraktowe.com\/index.php\/gwarancje-wadialne\/","title":{"rendered":"Gwarancje wadialne"},"content":{"rendered":"\n<p><strong>Czym s\u0105 gwarancje wadialne?<\/strong><\/p>\n\n\n\n<p class=\"has-text-align-left\">Gwarancje wadialne, nazywane tak\u017ce gwarancjami przetargowymi, s\u0105 narz\u0119dziem finansowym stosowanym w procesach przetargowych, g\u0142\u00f3wnie przy zam\u00f3wieniach publicznych. S\u0142u\u017c\u0105 one jako zabezpieczenie dla zamawiaj\u0105cego, \u017ce oferent (czyli uczestnik przetargu) przyst\u0105pi do realizacji umowy, je\u015bli wygra przetarg. W przypadku, gdy zwyci\u0119zca przetargu nie wywi\u0105\u017ce si\u0119 z podpisania umowy, zamawiaj\u0105cy ma prawo zatrzyma\u0107 kwot\u0119 gwarancji wadialnej.<\/p>\n\n\n\n<p><strong>Komu s\u0105 potrzebne?<\/strong><\/p>\n\n\n\n<p>Gwarancje wadialne s\u0105 przede wszystkim potrzebne firmom i przedsi\u0119biorstwom startuj\u0105cym w przetargach publicznych lub prywatnych. W Polsce obowi\u0105zek wniesienia wadium wynika z przepis\u00f3w prawa o zam\u00f3wieniach publicznych, gdzie zamawiaj\u0105cy ma prawo \u017c\u0105da\u0107 takiego zabezpieczenia od wykonawc\u00f3w, aby zabezpieczy\u0107 si\u0119 przed ryzykiem, \u017ce wykonawca nie przyst\u0105pi do podpisania umowy po wygraniu przetargu.<\/p>\n\n\n\n<p>Najcz\u0119\u015bciej spotyka si\u0119 je w bran\u017cach, gdzie odbywaj\u0105 si\u0119 przetargi na du\u017c\u0105 skal\u0119, takich jak:<\/p>\n\n\n\n<p>\u00a0\u00a0\u00a0\u00a0\u00a0\u00a0\u00a0\u00a0\u00a0\u00a0\u00a0\u00a0\u00a0\u00a0\u00a0\u00a0\u00a0\u00a0\u2022\u00a0\u00a0budownictwo,<\/p>\n\n\n\n<p>\u00a0\u00a0\u00a0\u00a0\u00a0\u00a0\u00a0\u00a0\u00a0\u00a0\u00a0\u00a0\u00a0\u00a0\u00a0\u00a0\u00a0\u00a0\u2022\u00a0\u00a0infrastruktura,<\/p>\n\n\n\n<p>\u00a0\u00a0\u00a0\u00a0\u00a0\u00a0\u00a0\u00a0\u00a0\u00a0\u00a0\u00a0\u00a0\u00a0\u00a0\u00a0\u00a0\u00a0\u2022\u00a0\u00a0energetyka,<\/p>\n\n\n\n<p>\u00a0\u00a0\u00a0\u00a0\u00a0\u00a0\u00a0\u00a0\u00a0\u00a0\u00a0\u00a0\u00a0\u00a0\u00a0\u00a0\u00a0\u00a0\u2022\u00a0\u00a0IT,<\/p>\n\n\n\n<p>\u00a0\u00a0\u00a0\u00a0\u00a0\u00a0\u00a0\u00a0\u00a0\u00a0\u00a0\u00a0\u00a0\u00a0\u00a0\u00a0\u00a0\u00a0\u2022\u00a0 dostawy i us\u0142ugi dla sektora publicznego.<\/p>\n\n\n\n<p><strong>Kiedy u\u017cywa si\u0119 gwarancji wadialnych?<\/strong><\/p>\n\n\n\n<p>Gwarancje wadialne s\u0105 wykorzystywane w procesie przetargowym. Zamawiaj\u0105cy, czyli organizator przetargu, mo\u017ce wymaga\u0107 od oferent\u00f3w wniesienia wadium w formie pieni\u0119\u017cnej, przelewu bankowego lub w\u0142a\u015bnie gwarancji wadialnej, kt\u00f3ra jest dokumentem wystawionym przez bank, firm\u0119 ubezpieczeniow\u0105 lub inne instytucje finansowe. Zamiast wp\u0142aca\u0107 got\u00f3wk\u0119, oferenci mog\u0105 dostarczy\u0107 tak\u0105 gwarancj\u0119 jako zabezpieczenie.<\/p>\n\n\n\n<p>Wadium musi by\u0107 wniesione w momencie sk\u0142adania oferty, a jego zwrot nast\u0119puje po zako\u0144czeniu przetargu, zwykle po podpisaniu umowy z wybranym wykonawc\u0105.<\/p>\n\n\n\n<p><strong>Ile kosztuje gwarancja wadialna?<\/strong><\/p>\n\n\n\n<p>Koszt uzyskania gwarancji wadialnej zale\u017cy od kilku czynnik\u00f3w, takich jak:<\/p>\n\n\n\n<p>\u00a0\u00a0\u00a0\u00a0\u00a0\u00a0\u00a0\u00a0\u00a0\u00a0\u00a0\u00a0\u00a0\u00a0\u00a0\u00a0\u00a0\u00a0\u2022\u00a0\u00a0warto\u015b\u0107 przetargu (czyli warto\u015b\u0107 wadium),<\/p>\n\n\n\n<p>\u00a0\u00a0\u00a0\u00a0\u00a0\u00a0\u00a0\u00a0\u00a0\u00a0\u00a0\u00a0\u00a0\u00a0\u00a0\u00a0\u00a0\u00a0\u2022\u00a0 okres trwania gwarancji,<\/p>\n\n\n\n<p>\u00a0\u00a0\u00a0\u00a0\u00a0\u00a0\u00a0\u00a0\u00a0\u00a0\u00a0\u00a0\u00a0\u00a0\u00a0\u00a0\u00a0\u00a0\u2022\u00a0\u00a0ocena ryzyka przez instytucj\u0119 wystawiaj\u0105c\u0105 gwarancj\u0119 (bank lub ubezpieczyciela).<\/p>\n\n\n\n<p>Koszty gwarancji wadialnej wynosz\u0105 zazwyczaj od 0,5% do 3% warto\u015bci wadium. Przyk\u0142adowo, je\u015bli przetarg wymaga wadium w wysoko\u015bci 100 000 z\u0142, koszt uzyskania gwarancji mo\u017ce wynosi\u0107 od 500 z\u0142 do 3000 z\u0142, w zale\u017cno\u015bci od wybranej instytucji oraz warunk\u00f3w wsp\u00f3\u0142pracy.<\/p>\n\n\n\n<p><strong>Czy warto korzysta\u0107 z gwarancji wadialnych?<\/strong><\/p>\n\n\n\n<p>Korzystanie z gwarancji wadialnych ma swoje zalety. Przede wszystkim umo\u017cliwia przedsi\u0119biorcom startowanie w przetargach bez konieczno\u015bci zamra\u017cania w\u0142asnych \u015brodk\u00f3w finansowych. Dzi\u0119ki temu przedsi\u0119biorstwo mo\u017ce uczestniczy\u0107 w wi\u0119kszej liczbie przetarg\u00f3w jednocze\u015bnie, zachowuj\u0105c p\u0142ynno\u015b\u0107 finansow\u0105.<\/p>\n\n\n\n<p>Ponadto gwarancje wadialne to mniejsze ryzyko finansowe dla wykonawcy \u2013 w przypadku przegranego przetargu firma nie musi martwi\u0107 si\u0119 o odzyskanie zamro\u017conych \u015brodk\u00f3w, gdy\u017c zamawiaj\u0105cy zwraca gwarancj\u0119 po zako\u0144czeniu post\u0119powania.<\/p>\n\n\n\n<p><strong>Podsumowanie<\/strong><\/p>\n\n\n\n<p>Gwarancje wadialne to istotne narz\u0119dzie finansowe w procesach przetargowych, chroni\u0105ce zamawiaj\u0105cych przed ryzykiem niepodpisania umowy przez wykonawc\u0119. Ich koszt zale\u017cy od warto\u015bci przetargu, jednak w wielu przypadkach s\u0105 bardziej korzystne ni\u017c wp\u0142acenie wadium w got\u00f3wce. Warto rozwa\u017cy\u0107 ich u\u017cycie, zw\u0142aszcza gdy firma planuje startowa\u0107 w wielu przetargach jednocze\u015bnie, chc\u0105c utrzyma\u0107 p\u0142ynno\u015b\u0107 finansow\u0105.<\/p>\n","protected":false},"excerpt":{"rendered":"<p>Czym s\u0105 gwarancje wadialne? Gwarancje wadialne, nazywane tak\u017ce gwarancjami przetargowymi, s\u0105 narz\u0119dziem finansowym stosowanym w procesach przetargowych, g\u0142\u00f3wnie przy zam\u00f3wieniach publicznych. S\u0142u\u017c\u0105 one jako zabezpieczenie dla zamawiaj\u0105cego, \u017ce oferent (czyli uczestnik przetargu) przyst\u0105pi do realizacji umowy, je\u015bli wygra przetarg. W przypadku, gdy zwyci\u0119zca przetargu nie wywi\u0105\u017ce si\u0119 z podpisania umowy, zamawiaj\u0105cy ma prawo zatrzyma\u0107 kwot\u0119 [&hellip;]<\/p>\n","protected":false},"author":1,"featured_media":0,"parent":0,"menu_order":0,"comment_status":"closed","ping_status":"closed","template":"","meta":{"footnotes":""},"class_list":["post-27","page","type-page","status-publish","hentry"],"jetpack_sharing_enabled":true,"_links":{"self":[{"href":"https:\/\/www.gwarancje-kontraktowe.com\/index.php\/wp-json\/wp\/v2\/pages\/27","targetHints":{"allow":["GET"]}}],"collection":[{"href":"https:\/\/www.gwarancje-kontraktowe.com\/index.php\/wp-json\/wp\/v2\/pages"}],"about":[{"href":"https:\/\/www.gwarancje-kontraktowe.com\/index.php\/wp-json\/wp\/v2\/types\/page"}],"author":[{"embeddable":true,"href":"https:\/\/www.gwarancje-kontraktowe.com\/index.php\/wp-json\/wp\/v2\/users\/1"}],"replies":[{"embeddable":true,"href":"https:\/\/www.gwarancje-kontraktowe.com\/index.php\/wp-json\/wp\/v2\/comments?post=27"}],"version-history":[{"count":5,"href":"https:\/\/www.gwarancje-kontraktowe.com\/index.php\/wp-json\/wp\/v2\/pages\/27\/revisions"}],"predecessor-version":[{"id":147,"href":"https:\/\/www.gwarancje-kontraktowe.com\/index.php\/wp-json\/wp\/v2\/pages\/27\/revisions\/147"}],"wp:attachment":[{"href":"https:\/\/www.gwarancje-kontraktowe.com\/index.php\/wp-json\/wp\/v2\/media?parent=27"}],"curies":[{"name":"wp","href":"https:\/\/api.w.org\/{rel}","templated":true}]}}