{"id":28,"date":"2024-10-01T21:36:10","date_gmt":"2024-10-01T19:36:10","guid":{"rendered":"http:\/\/gwaranx.cluster027.hosting.ovh.net\/?page_id=28"},"modified":"2024-10-13T14:04:10","modified_gmt":"2024-10-13T12:04:10","slug":"gwarancje-nalezytego-wykonania-kontraktu","status":"publish","type":"page","link":"https:\/\/www.gwarancje-kontraktowe.com\/index.php\/gwarancje-nalezytego-wykonania-kontraktu\/","title":{"rendered":"Gwarancje nale\u017cytego wykonania kontraktu"},"content":{"rendered":"\n<p><strong>Co to s\u0105<\/strong> <strong>gwarancje nale\u017cytego wykonania kontraktu?<\/strong><\/p>\n\n\n\n<p>Gwarancje nale\u017cytego wykonania kontraktu (GNWK) to rodzaj zabezpieczenia, kt\u00f3re ma na celu ochron\u0119 zamawiaj\u0105cego (klienta) przed ryzykiem, \u017ce wykonawca (firma realizuj\u0105ca kontrakt) nie wywi\u0105\u017ce si\u0119 z zobowi\u0105za\u0144 wynikaj\u0105cych z umowy. Dzi\u0119ki takiej gwarancji zamawiaj\u0105cy ma pewno\u015b\u0107, \u017ce w przypadku niewywi\u0105zania si\u0119 z umowy, b\u0119dzie m\u00f3g\u0142 uzyska\u0107 rekompensat\u0119 finansow\u0105, pokrywaj\u0105c\u0105 straty wynikaj\u0105ce z nienale\u017cytego wykonania lub niewykonania kontraktu.<\/p>\n\n\n\n<p><strong>Komu s\u0105 potrzebne?<\/strong><\/p>\n\n\n\n<p>Gwarancje nale\u017cytego wykonania kontraktu s\u0105 najcz\u0119\u015bciej wykorzystywane w sektorze budowlanym oraz w projektach o du\u017cej warto\u015bci finansowej, gdzie ryzyko zwi\u0105zane z niewykonaniem umowy jest znaczne. Jednak mog\u0105 by\u0107 stosowane w ka\u017cdym sektorze, w kt\u00f3rym podpisywane s\u0105 kontrakty wymagaj\u0105ce wi\u0119kszego zaanga\u017cowania kapita\u0142owego i zasobowego.<\/p>\n\n\n\n<p>Potrzebuj\u0105 ich g\u0142\u00f3wnie:<\/p>\n\n\n\n<p>\u00a0\u00a0\u00a0\u00a0\u00a0\u00a0\u00a0\u00a0\u00a0\u00a0\u00a0\u00a0\u00a0\u00a0\u00a0\u00a0\u00a0\u00a0\u2022\u00a0\u00a0<strong>Zamawiaj\u0105cy<\/strong>: czyli organizatorzy przetarg\u00f3w, kt\u00f3rzy chc\u0105 zabezpieczy\u0107 si\u0119 przed ryzykiem finansowym zwi\u0105zanym z brakiem wykonania lub nienale\u017cytym wykonaniem prac przez wybranego wykonawc\u0119.<\/p>\n\n\n\n<p>\u00a0\u00a0\u00a0\u00a0\u00a0\u00a0\u00a0\u00a0\u00a0\u00a0\u00a0\u00a0\u00a0\u00a0\u00a0\u00a0\u00a0\u00a0\u2022\u00a0\u00a0<strong>Wykonawcy<\/strong>: firmy i przedsi\u0119biorstwa realizuj\u0105ce kontrakty, kt\u00f3re s\u0105 zobowi\u0105zane dostarczy\u0107 gwarancj\u0119 na rzecz zamawiaj\u0105cego, aby wzi\u0105\u0107 udzia\u0142 w realizacji projektu.<\/p>\n\n\n\n<p><strong>Kiedy u\u017cywa si\u0119 gwarancji nale\u017cytego wykonania kontraktu?<\/strong><\/p>\n\n\n\n<p>Gwarancje nale\u017cytego wykonania kontraktu s\u0105 wymagane po wygraniu przetargu i przed podpisaniem umowy, aby zapewni\u0107 zamawiaj\u0105cemu, \u017ce wykonawca zrealizuje kontrakt zgodnie z ustalonymi warunkami. W przypadku niewykonania lub nienale\u017cytego wykonania umowy, zamawiaj\u0105cy mo\u017ce wyst\u0105pi\u0107 do instytucji finansowej (np. banku lub firmy ubezpieczeniowej) o wyp\u0142at\u0119 kwoty gwarancyjnej, aby pokry\u0107 ewentualne straty.<\/p>\n\n\n\n<p>Takie gwarancje s\u0105 szczeg\u00f3lnie popularne w zam\u00f3wieniach publicznych oraz du\u017cych projektach infrastrukturalnych, np. budowy dr\u00f3g, most\u00f3w, czy modernizacji sieci energetycznych, gdzie skala ryzyka oraz warto\u015bci kontrakt\u00f3w jest wysoka.<\/p>\n\n\n\n<p><strong>Ile kosztuje gwarancja nale\u017cytego wykonania kontraktu?<\/strong><\/p>\n\n\n\n<p>Koszt uzyskania gwarancji nale\u017cytego wykonania kontraktu zale\u017cy od kilku czynnik\u00f3w:<\/p>\n\n\n\n<p>\u00a0\u00a0\u00a0\u00a0\u00a0\u00a0\u00a0\u00a0\u00a0\u00a0\u00a0\u00a0\u00a0\u00a0\u00a0\u00a0\u00a0\u00a0\u2022\u00a0\u00a0<strong>Warto\u015b\u0107 kontraktu<\/strong>: Kwota gwarancji jest zazwyczaj okre\u015blona jako procent warto\u015bci ca\u0142ego kontraktu \u2013 najcz\u0119\u015bciej wynosi od 5% do 10%.<\/p>\n\n\n\n<p>\u00a0\u00a0\u00a0\u00a0\u00a0\u00a0\u00a0\u00a0\u00a0\u00a0\u00a0\u00a0\u00a0\u00a0\u00a0\u00a0\u00a0\u00a0\u2022\u00a0\u00a0<strong>Okres obowi\u0105zywania<\/strong>: Czas trwania gwarancji, kt\u00f3ry mo\u017ce by\u0107 r\u00f3wny okresowi realizacji kontraktu, ale mo\u017ce tak\u017ce obejmowa\u0107 czas po zako\u0144czeniu prac (np. okres r\u0119kojmi lub gwarancji jako\u015bci).<\/p>\n\n\n\n<p>\u00a0\u00a0\u00a0\u00a0\u00a0\u00a0\u00a0\u00a0\u00a0\u00a0\u00a0\u00a0\u00a0\u00a0\u00a0\u00a0\u00a0\u00a0\u2022\u00a0\u00a0<strong>Ocena ryzyka<\/strong>: Instytucja wystawiaj\u0105ca gwarancj\u0119 (bank, ubezpieczyciel) ocenia ryzyko zwi\u0105zane z danym kontraktem oraz sytuacj\u0119 finansow\u0105 wykonawcy, co wp\u0142ywa na wysoko\u015b\u0107 op\u0142aty za wystawienie gwarancji.<\/p>\n\n\n\n<p>W praktyce koszt gwarancji nale\u017cytego wykonania kontraktu wynosi zwykle od 1% do 3% warto\u015bci samej gwarancji. Przyk\u0142adowo, dla kontraktu o warto\u015bci 1 miliona z\u0142otych, gdzie wymagana gwarancja wynosi 10% warto\u015bci, koszt takiej gwarancji mo\u017ce wynosi\u0107 od 1000 z\u0142 do 3000 z\u0142 w skali roku, w zale\u017cno\u015bci od warunk\u00f3w ustalonych z bankiem lub ubezpieczycielem.<\/p>\n\n\n\n<p><strong>Czy warto korzysta\u0107 z gwarancji nale\u017cytego wykonania kontraktu?<\/strong><\/p>\n\n\n\n<p>Gwarancje nale\u017cytego wykonania kontraktu s\u0105 nie tylko wymagane w wielu przypadkach, ale tak\u017ce bardzo korzystne dla obu stron kontraktu. Z punktu widzenia zamawiaj\u0105cego, s\u0105 one nieocenionym narz\u0119dziem, kt\u00f3re zapewnia ochron\u0119 przed ryzykiem niewywi\u0105zania si\u0119 z umowy przez wykonawc\u0119. W przypadku problem\u00f3w z realizacj\u0105 projektu, gwarancja pozwala szybko uzyska\u0107 odszkodowanie, kt\u00f3re mo\u017ce pokry\u0107 koszty znalezienia nowego wykonawcy lub naprawy ewentualnych szk\u00f3d.<\/p>\n\n\n\n<p>Dla wykonawc\u00f3w, mimo \u017ce wym\u00f3g dostarczenia gwarancji wi\u0105\u017ce si\u0119 z pewnymi kosztami, to daje im mo\u017cliwo\u015b\u0107 udzia\u0142u w du\u017cych przetargach, kt\u00f3re cz\u0119sto s\u0105 kluczowe dla rozwoju ich dzia\u0142alno\u015bci. Ponadto, wykonawcy nie musz\u0105 zamra\u017ca\u0107 w\u0142asnych \u015brodk\u00f3w finansowych, jak mia\u0142oby to miejsce w przypadku wp\u0142aty depozytu got\u00f3wkowego, co pozwala zachowa\u0107 p\u0142ynno\u015b\u0107 finansow\u0105 firmy.<\/p>\n\n\n\n<p><strong>Kto jest najcz\u0119stszym odbiorc\u0105 gwarancji nale\u017cytego wykonania kontraktu?<\/strong><\/p>\n\n\n\n<p>Najcz\u0119stszymi odbiorcami gwarancji s\u0105 zamawiaj\u0105cy, czyli firmy, organizacje i instytucje, kt\u00f3re og\u0142aszaj\u0105 przetargi na realizacj\u0119 du\u017cych projekt\u00f3w. W sektorze publicznym odbiorcami s\u0105 najcz\u0119\u015bciej:<\/p>\n\n\n\n<p>\u00a0\u00a0\u00a0\u00a0\u00a0\u00a0\u00a0\u00a0\u00a0\u00a0\u00a0\u00a0\u00a0\u00a0\u00a0\u00a0\u00a0\u00a0\u2022\u00a0 instytucje rz\u0105dowe i samorz\u0105dowe,<\/p>\n\n\n\n<p>\u00a0\u00a0\u00a0\u00a0\u00a0\u00a0\u00a0\u00a0\u00a0\u00a0\u00a0\u00a0\u00a0\u00a0\u00a0\u00a0\u00a0\u00a0\u2022\u00a0\u00a0jednostki administracji publicznej,<\/p>\n\n\n\n<p>\u00a0\u00a0\u00a0\u00a0\u00a0\u00a0\u00a0\u00a0\u00a0\u00a0\u00a0\u00a0\u00a0\u00a0\u00a0\u00a0\u00a0\u00a0\u2022\u00a0\u00a0sp\u00f3\u0142ki skarbu pa\u0144stwa,<\/p>\n\n\n\n<p>\u00a0\u00a0\u00a0\u00a0\u00a0\u00a0\u00a0\u00a0\u00a0\u00a0\u00a0\u00a0\u00a0\u00a0\u00a0\u00a0\u00a0\u00a0\u2022\u00a0\u00a0inne podmioty zwi\u0105zane z zam\u00f3wieniami publicznymi.<\/p>\n\n\n\n<p>W sektorze prywatnym odbiorcami gwarancji s\u0105 du\u017ce korporacje, firmy deweloperskie, przedsi\u0119biorstwa budowlane oraz firmy realizuj\u0105ce skomplikowane projekty technologiczne.<\/p>\n\n\n\n<p>Najcz\u0119\u015bciej z gwarancji korzystaj\u0105 wykonawcy z bran\u017cy budowlanej, in\u017cynieryjnej, IT oraz energetycznej, kt\u00f3rzy realizuj\u0105 projekty o du\u017cej warto\u015bci, wymagaj\u0105ce d\u0142ugiego czasu realizacji i zaanga\u017cowania du\u017cych zasob\u00f3w.<\/p>\n\n\n\n<p><strong>Podsumowanie<\/strong><\/p>\n\n\n\n<p>Gwarancje nale\u017cytego wykonania kontraktu stanowi\u0105 kluczowe narz\u0119dzie zabezpieczaj\u0105ce zamawiaj\u0105cych przed ryzykiem, \u017ce wykonawca nie wywi\u0105\u017ce si\u0119 z warunk\u00f3w umowy. Cho\u0107 generuj\u0105 pewne koszty, s\u0105 niezwykle przydatne, poniewa\u017c chroni\u0105 obie strony przed stratami finansowymi i gwarantuj\u0105 realizacj\u0119 kontraktu. Dla firm bior\u0105cych udzia\u0142 w du\u017cych projektach s\u0105 nieodzowne i pozwalaj\u0105 na stabiln\u0105 wsp\u00f3\u0142prac\u0119 w ramach zam\u00f3wie\u0144 publicznych i prywatnych, minimalizuj\u0105c ryzyko zwi\u0105zane z realizacj\u0105 um\u00f3w.<\/p>\n","protected":false},"excerpt":{"rendered":"<p>Co to s\u0105 gwarancje nale\u017cytego wykonania kontraktu? Gwarancje nale\u017cytego wykonania kontraktu (GNWK) to rodzaj zabezpieczenia, kt\u00f3re ma na celu ochron\u0119 zamawiaj\u0105cego (klienta) przed ryzykiem, \u017ce wykonawca (firma realizuj\u0105ca kontrakt) nie wywi\u0105\u017ce si\u0119 z zobowi\u0105za\u0144 wynikaj\u0105cych z umowy. Dzi\u0119ki takiej gwarancji zamawiaj\u0105cy ma pewno\u015b\u0107, \u017ce w przypadku niewywi\u0105zania si\u0119 z umowy, b\u0119dzie m\u00f3g\u0142 uzyska\u0107 rekompensat\u0119 finansow\u0105, [&hellip;]<\/p>\n","protected":false},"author":1,"featured_media":0,"parent":0,"menu_order":0,"comment_status":"closed","ping_status":"closed","template":"","meta":{"footnotes":""},"class_list":["post-28","page","type-page","status-publish","hentry"],"jetpack_sharing_enabled":true,"_links":{"self":[{"href":"https:\/\/www.gwarancje-kontraktowe.com\/index.php\/wp-json\/wp\/v2\/pages\/28","targetHints":{"allow":["GET"]}}],"collection":[{"href":"https:\/\/www.gwarancje-kontraktowe.com\/index.php\/wp-json\/wp\/v2\/pages"}],"about":[{"href":"https:\/\/www.gwarancje-kontraktowe.com\/index.php\/wp-json\/wp\/v2\/types\/page"}],"author":[{"embeddable":true,"href":"https:\/\/www.gwarancje-kontraktowe.com\/index.php\/wp-json\/wp\/v2\/users\/1"}],"replies":[{"embeddable":true,"href":"https:\/\/www.gwarancje-kontraktowe.com\/index.php\/wp-json\/wp\/v2\/comments?post=28"}],"version-history":[{"count":3,"href":"https:\/\/www.gwarancje-kontraktowe.com\/index.php\/wp-json\/wp\/v2\/pages\/28\/revisions"}],"predecessor-version":[{"id":152,"href":"https:\/\/www.gwarancje-kontraktowe.com\/index.php\/wp-json\/wp\/v2\/pages\/28\/revisions\/152"}],"wp:attachment":[{"href":"https:\/\/www.gwarancje-kontraktowe.com\/index.php\/wp-json\/wp\/v2\/media?parent=28"}],"curies":[{"name":"wp","href":"https:\/\/api.w.org\/{rel}","templated":true}]}}