{"id":30,"date":"2024-10-01T21:36:10","date_gmt":"2024-10-01T19:36:10","guid":{"rendered":"http:\/\/gwaranx.cluster027.hosting.ovh.net\/?page_id=30"},"modified":"2024-10-13T13:37:15","modified_gmt":"2024-10-13T11:37:15","slug":"gwarancje-usuniecia-wad-i-usterek","status":"publish","type":"page","link":"https:\/\/www.gwarancje-kontraktowe.com\/index.php\/gwarancje-usuniecia-wad-i-usterek\/","title":{"rendered":"Gwarancje usuni\u0119cia wad i usterek"},"content":{"rendered":"\n<p><strong>Co to s\u0105 gwarancje usuni\u0119cia wad i usterek?<\/strong><\/p>\n\n\n\n<p>Gwarancje usuni\u0119cia wad i usterek to rodzaj zabezpieczenia, kt\u00f3re ma na celu ochron\u0119 zamawiaj\u0105cego przed ryzykiem, \u017ce po zako\u0144czeniu realizacji kontraktu ujawni\u0105 si\u0119 wady lub usterki w wykonanej pracy. Gwarancja ta zapewnia, \u017ce wykonawca usunie wszelkie nieprawid\u0142owo\u015bci na sw\u00f3j koszt, a zamawiaj\u0105cy nie b\u0119dzie musia\u0142 ponosi\u0107 dodatkowych wydatk\u00f3w zwi\u0105zanych z napraw\u0105 b\u0142\u0119d\u00f3w.<\/p>\n\n\n\n<p><strong>Komu s\u0105 potrzebne?<\/strong><\/p>\n\n\n\n<p>Gwarancje usuni\u0119cia wad i usterek s\u0105 kluczowe w bran\u017cach, gdzie jako\u015b\u0107 wykonanej pracy ma du\u017ce znaczenie, a ewentualne usterki mog\u0105 pojawi\u0107 si\u0119 dopiero po pewnym czasie. Dotyczy to przede wszystkim:<\/p>\n\n\n\n<p>&nbsp;&nbsp;&nbsp;&nbsp;&nbsp;&nbsp;&nbsp;&nbsp;&nbsp;&nbsp;&nbsp;&nbsp;&nbsp;&nbsp;&nbsp;&nbsp;&nbsp;&nbsp;\u2022&nbsp;&nbsp;&nbsp;&nbsp;&nbsp;&nbsp;&nbsp;&nbsp;&nbsp;&nbsp;&nbsp;&nbsp;&nbsp;&nbsp;&nbsp;Zamawiaj\u0105cych: kt\u00f3rzy chc\u0105 zabezpieczy\u0107 si\u0119 przed problemami zwi\u0105zanymi z jako\u015bci\u0105 pracy wykonawcy, szczeg\u00f3lnie w przypadku projekt\u00f3w o du\u017cej skali, takich jak budowy, modernizacje czy instalacje technologiczne.<\/p>\n\n\n\n<p>&nbsp;&nbsp;&nbsp;&nbsp;&nbsp;&nbsp;&nbsp;&nbsp;&nbsp;&nbsp;&nbsp;&nbsp;&nbsp;&nbsp;&nbsp;&nbsp;&nbsp;&nbsp;\u2022&nbsp;&nbsp;&nbsp;&nbsp;&nbsp;&nbsp;&nbsp;&nbsp;&nbsp;&nbsp;&nbsp;&nbsp;&nbsp;&nbsp;&nbsp;Wykonawc\u00f3w: realizuj\u0105cych kontrakty o du\u017cej warto\u015bci, kt\u00f3rzy s\u0105 zobowi\u0105zani zapewni\u0107 odpowiedni\u0105 jako\u015b\u0107 wykonania swoich prac i zobowi\u0105zuj\u0105 si\u0119 do usuni\u0119cia wszelkich wad, kt\u00f3re mog\u0105 si\u0119 pojawi\u0107 po zako\u0144czeniu prac.<\/p>\n\n\n\n<p>Gwarancje te s\u0105 szczeg\u00f3lnie istotne w bran\u017cach, takich jak budownictwo, infrastruktura, IT, a tak\u017ce w realizacji projekt\u00f3w technologicznych, gdzie nawet drobne usterki mog\u0105 prowadzi\u0107 do powa\u017cnych problem\u00f3w.<\/p>\n\n\n\n<p><strong>Kiedy u\u017cywa si\u0119 gwarancji usuni\u0119cia wad i usterek?<\/strong><\/p>\n\n\n\n<p>Gwarancje usuni\u0119cia wad i usterek s\u0105 stosowane po zako\u0144czeniu realizacji kontraktu, w okresie gwarancyjnym lub r\u0119kojmi. Zamawiaj\u0105cy cz\u0119sto wymaga takiego zabezpieczenia na etapie zawierania umowy, aby mie\u0107 pewno\u015b\u0107, \u017ce wykonawca usunie ewentualne wady w ramach swojego obowi\u0105zku.<\/p>\n\n\n\n<p>W przypadku, gdy w okresie gwarancji (kt\u00f3ry mo\u017ce trwa\u0107 od kilku miesi\u0119cy do kilku lat) ujawni\u0105 si\u0119 wady lub usterki, zamawiaj\u0105cy ma prawo \u017c\u0105da\u0107 ich usuni\u0119cia. Je\u015bli wykonawca nie wywi\u0105\u017ce si\u0119 z tego obowi\u0105zku, zamawiaj\u0105cy mo\u017ce skorzysta\u0107 z gwarancji i otrzyma\u0107 od instytucji finansowej \u015brodki na pokrycie koszt\u00f3w napraw.<\/p>\n\n\n\n<p><strong>Ile kosztuje gwarancja usuni\u0119cia wad i usterek?<\/strong><\/p>\n\n\n\n<p>Koszt gwarancji usuni\u0119cia wad i usterek zale\u017cy od kilku czynnik\u00f3w:<\/p>\n\n\n\n<p>\u00a0\u00a0\u00a0\u00a0\u00a0\u00a0\u00a0\u00a0\u00a0\u00a0\u00a0\u00a0\u00a0\u00a0\u00a0\u00a0\u00a0\u00a0\u2022\u00a0\u00a0Warto\u015b\u0107 zabezpieczenia, liczonego najcz\u0119\u015bciej jako okre\u015blony procent Np. 30%) gwarancji nale\u017cytego wykonania kontraktu.<\/p>\n\n\n\n<p>\u00a0\u00a0\u00a0\u00a0\u00a0\u00a0\u00a0\u00a0\u00a0\u00a0\u00a0\u00a0\u00a0\u00a0\u00a0\u00a0\u00a0\u00a0\u2022\u00a0\u00a0Czas trwania gwarancji: im d\u0142u\u017cszy okres ochrony, tym wy\u017cszy koszt, poniewa\u017c instytucja finansowa bierze na siebie wi\u0119ksze ryzyko.<\/p>\n\n\n\n<p>\u00a0\u00a0\u00a0\u00a0\u00a0\u00a0\u00a0\u00a0\u00a0\u00a0\u00a0\u00a0\u00a0\u00a0\u00a0\u00a0\u00a0\u00a0\u2022\u00a0\u00a0Ocena ryzyka: bank lub firma ubezpieczeniowa, kt\u00f3ra wystawia gwarancj\u0119, ocenia zar\u00f3wno sytuacj\u0119 finansow\u0105 wykonawcy, jak i specyfik\u0119 projektu. Projekty bardziej ryzykowne, np. o wy\u017cszej technologicznej z\u0142o\u017cono\u015bci, mog\u0105 by\u0107 obci\u0105\u017cone wy\u017cszymi kosztami gwarancji.<\/p>\n\n\n\n<p>Koszty gwarancji usuni\u0119cia wad i usterek zwykle mieszcz\u0105 si\u0119 w przedziale od 0,5% do 3% warto\u015bci zabezpieczanej kwoty. Dla przyk\u0142adu, je\u015bli warto\u015b\u0107 kontraktu wynosi 1 milion z\u0142otych, wymagana gwarancja nale\u017cytego wykonania kontraktu to 5%, a gwarancja usuni\u0119cia wad i usterek to 30% tej kwoty, to koszt jej uzyskania mo\u017ce wynosi\u0107 od 75 z\u0142 do 450 z\u0142 w skali roku.<\/p>\n\n\n\n<p><strong>Czy warto korzysta\u0107 z gwarancji usuni\u0119cia wad i usterek?<\/strong><\/p>\n\n\n\n<p>Gwarancje usuni\u0119cia wad i usterek to bardzo wa\u017cne narz\u0119dzie zar\u00f3wno dla zamawiaj\u0105cych, jak i dla wykonawc\u00f3w. Z punktu widzenia zamawiaj\u0105cego, gwarancja daje pewno\u015b\u0107, \u017ce wykonawca nie pozostawi problem\u00f3w nierozwi\u0105zanych, co jest szczeg\u00f3lnie istotne w projektach, gdzie jako\u015b\u0107 i trwa\u0142o\u015b\u0107 wykonanych prac maj\u0105 kluczowe znaczenie.<\/p>\n\n\n\n<p>Dla wykonawc\u00f3w, gwarancje usuni\u0119cia wad i usterek s\u0105 standardowym wymogiem, kt\u00f3ry pozwala budowa\u0107 zaufanie w relacjach z klientami. Cho\u0107 koszty zwi\u0105zane z uzyskaniem takiej gwarancji mog\u0105 by\u0107 znacz\u0105ce, to umo\u017cliwiaj\u0105 realizacj\u0119 wi\u0119kszych i bardziej presti\u017cowych kontrakt\u00f3w.<\/p>\n\n\n\n<p>Ponadto, korzystanie z gwarancji pozwala unikn\u0105\u0107 zamra\u017cania w\u0142asnych \u015brodk\u00f3w finansowych, kt\u00f3re mog\u0142yby by\u0107 potrzebne na inne cele operacyjne firmy, takie jak nowe projekty czy inwestycje.<\/p>\n\n\n\n<p><strong>Kto jest najcz\u0119stszym odbiorc\u0105 gwarancji usuni\u0119cia wad i usterek?<\/strong><\/p>\n\n\n\n<p>Najcz\u0119stszymi odbiorcami gwarancji usuni\u0119cia wad i usterek s\u0105 zamawiaj\u0105cy, czyli organizacje i firmy, kt\u00f3re zlecaj\u0105 wykonanie projekt\u00f3w budowlanych, in\u017cynieryjnych, instalacyjnych czy technologicznych. W sektorze publicznym odbiorcami s\u0105 najcz\u0119\u015bciej:<\/p>\n\n\n\n<p>\u00a0\u00a0\u00a0\u00a0\u00a0\u00a0\u00a0\u00a0\u00a0\u00a0\u00a0\u00a0\u00a0\u00a0\u00a0\u00a0\u00a0\u00a0\u2022\u00a0 urz\u0119dy i jednostki administracji publicznej,<\/p>\n\n\n\n<p>\u00a0\u00a0\u00a0\u00a0\u00a0\u00a0\u00a0\u00a0\u00a0\u00a0\u00a0\u00a0\u00a0\u00a0\u00a0\u00a0\u00a0\u00a0\u2022\u00a0\u00a0sp\u00f3\u0142ki skarbu pa\u0144stwa,<\/p>\n\n\n\n<p>\u00a0\u00a0\u00a0\u00a0\u00a0\u00a0\u00a0\u00a0\u00a0\u00a0\u00a0\u00a0\u00a0\u00a0\u00a0\u00a0\u00a0\u00a0\u2022\u00a0\u00a0samorz\u0105dy.<\/p>\n\n\n\n<p>W sektorze prywatnym s\u0105 to du\u017ce przedsi\u0119biorstwa, korporacje i deweloperzy, kt\u00f3rzy wymagaj\u0105 od wykonawc\u00f3w wysokiej jako\u015bci realizacji projekt\u00f3w oraz zabezpieczenia na wypadek ewentualnych problem\u00f3w.<\/p>\n\n\n\n<p>Z kolei wykonawcami, kt\u00f3rzy najcz\u0119\u015bciej korzystaj\u0105 z gwarancji usuni\u0119cia wad i usterek, s\u0105 firmy budowlane, instalacyjne, in\u017cynieryjne oraz firmy realizuj\u0105ce skomplikowane projekty technologiczne. S\u0105 to g\u0142\u00f3wnie przedsi\u0119biorstwa, kt\u00f3re realizuj\u0105 projekty o du\u017cej warto\u015bci i d\u0142ugim czasie trwania.<\/p>\n\n\n\n<p><strong>Podsumowanie<\/strong><\/p>\n\n\n\n<p>Gwarancje usuni\u0119cia wad i usterek to niezb\u0119dne zabezpieczenie w realizacji du\u017cych projekt\u00f3w budowlanych, technologicznych i in\u017cynieryjnych. Dzi\u0119ki nim zamawiaj\u0105cy ma pewno\u015b\u0107, \u017ce wykonawca usunie ewentualne usterki, kt\u00f3re mog\u0105 si\u0119 pojawi\u0107 po zako\u0144czeniu prac, bez konieczno\u015bci ponoszenia dodatkowych koszt\u00f3w. Dla wykonawc\u00f3w, cho\u0107 wi\u0105\u017ce si\u0119 to z kosztami, jest to standardowy wym\u00f3g, kt\u00f3ry umo\u017cliwia uczestniczenie w du\u017cych przetargach i budowanie d\u0142ugotrwa\u0142ych relacji biznesowych.<\/p>\n","protected":false},"excerpt":{"rendered":"<p>Co to s\u0105 gwarancje usuni\u0119cia wad i usterek? Gwarancje usuni\u0119cia wad i usterek to rodzaj zabezpieczenia, kt\u00f3re ma na celu ochron\u0119 zamawiaj\u0105cego przed ryzykiem, \u017ce po zako\u0144czeniu realizacji kontraktu ujawni\u0105 si\u0119 wady lub usterki w wykonanej pracy. Gwarancja ta zapewnia, \u017ce wykonawca usunie wszelkie nieprawid\u0142owo\u015bci na sw\u00f3j koszt, a zamawiaj\u0105cy nie b\u0119dzie musia\u0142 ponosi\u0107 dodatkowych [&hellip;]<\/p>\n","protected":false},"author":1,"featured_media":0,"parent":0,"menu_order":0,"comment_status":"closed","ping_status":"closed","template":"","meta":{"footnotes":""},"class_list":["post-30","page","type-page","status-publish","hentry"],"jetpack_sharing_enabled":true,"_links":{"self":[{"href":"https:\/\/www.gwarancje-kontraktowe.com\/index.php\/wp-json\/wp\/v2\/pages\/30","targetHints":{"allow":["GET"]}}],"collection":[{"href":"https:\/\/www.gwarancje-kontraktowe.com\/index.php\/wp-json\/wp\/v2\/pages"}],"about":[{"href":"https:\/\/www.gwarancje-kontraktowe.com\/index.php\/wp-json\/wp\/v2\/types\/page"}],"author":[{"embeddable":true,"href":"https:\/\/www.gwarancje-kontraktowe.com\/index.php\/wp-json\/wp\/v2\/users\/1"}],"replies":[{"embeddable":true,"href":"https:\/\/www.gwarancje-kontraktowe.com\/index.php\/wp-json\/wp\/v2\/comments?post=30"}],"version-history":[{"count":3,"href":"https:\/\/www.gwarancje-kontraktowe.com\/index.php\/wp-json\/wp\/v2\/pages\/30\/revisions"}],"predecessor-version":[{"id":151,"href":"https:\/\/www.gwarancje-kontraktowe.com\/index.php\/wp-json\/wp\/v2\/pages\/30\/revisions\/151"}],"wp:attachment":[{"href":"https:\/\/www.gwarancje-kontraktowe.com\/index.php\/wp-json\/wp\/v2\/media?parent=30"}],"curies":[{"name":"wp","href":"https:\/\/api.w.org\/{rel}","templated":true}]}}