{"id":33,"date":"2024-10-01T21:36:10","date_gmt":"2024-10-01T19:36:10","guid":{"rendered":"http:\/\/gwaranx.cluster027.hosting.ovh.net\/?page_id=33"},"modified":"2024-10-02T18:35:47","modified_gmt":"2024-10-02T16:35:47","slug":"kontakt","status":"publish","type":"page","link":"https:\/\/www.gwarancje-kontraktowe.com\/index.php\/kontakt\/","title":{"rendered":"Kontakt"},"content":{"rendered":"\n<p>Zapraszamy do kontaktu. Nasi specjali\u015bci s\u0105 do Pa\u0144stwa dyspozycji codziennie w dni robocze w godzinach 8.00-16.00. <\/p>\n\n\n\n<p>Tel. 607-167-949<\/p>\n\n\n\n<p>Whatsup: 607-167-949<\/p>\n\n\n\n<p>Mail: biuro@gwarancje-kontraktowe.com<\/p>\n\n\n\n<p><\/p>\n","protected":false},"excerpt":{"rendered":"<p>Zapraszamy do kontaktu. Nasi specjali\u015bci s\u0105 do Pa\u0144stwa dyspozycji codziennie w dni robocze w godzinach 8.00-16.00. Tel. 607-167-949 Whatsup: 607-167-949 Mail: biuro@gwarancje-kontraktowe.com<\/p>\n","protected":false},"author":1,"featured_media":0,"parent":0,"menu_order":0,"comment_status":"closed","ping_status":"closed","template":"","meta":{"footnotes":""},"class_list":["post-33","page","type-page","status-publish","hentry"],"jetpack_sharing_enabled":true,"_links":{"self":[{"href":"https:\/\/www.gwarancje-kontraktowe.com\/index.php\/wp-json\/wp\/v2\/pages\/33","targetHints":{"allow":["GET"]}}],"collection":[{"href":"https:\/\/www.gwarancje-kontraktowe.com\/index.php\/wp-json\/wp\/v2\/pages"}],"about":[{"href":"https:\/\/www.gwarancje-kontraktowe.com\/index.php\/wp-json\/wp\/v2\/types\/page"}],"author":[{"embeddable":true,"href":"https:\/\/www.gwarancje-kontraktowe.com\/index.php\/wp-json\/wp\/v2\/users\/1"}],"replies":[{"embeddable":true,"href":"https:\/\/www.gwarancje-kontraktowe.com\/index.php\/wp-json\/wp\/v2\/comments?post=33"}],"version-history":[{"count":3,"href":"https:\/\/www.gwarancje-kontraktowe.com\/index.php\/wp-json\/wp\/v2\/pages\/33\/revisions"}],"predecessor-version":[{"id":111,"href":"https:\/\/www.gwarancje-kontraktowe.com\/index.php\/wp-json\/wp\/v2\/pages\/33\/revisions\/111"}],"wp:attachment":[{"href":"https:\/\/www.gwarancje-kontraktowe.com\/index.php\/wp-json\/wp\/v2\/media?parent=33"}],"curies":[{"name":"wp","href":"https:\/\/api.w.org\/{rel}","templated":true}]}}