{"id":96,"date":"2024-10-02T18:16:33","date_gmt":"2024-10-02T16:16:33","guid":{"rendered":"https:\/\/gwaranx.cluster027.hosting.ovh.net\/?page_id=96"},"modified":"2024-10-13T14:28:17","modified_gmt":"2024-10-13T12:28:17","slug":"co-to-jest-gwarancja-ubezpieczeniowa","status":"publish","type":"page","link":"https:\/\/www.gwarancje-kontraktowe.com\/index.php\/co-to-jest-gwarancja-ubezpieczeniowa\/","title":{"rendered":"Co to jest gwarancja ubezpieczeniowa"},"content":{"rendered":"\n<p><strong>Gwarancje Ubezpieczeniowe \u2013 Przewodnik<\/strong><\/p>\n\n\n\n<p>Gwarancje ubezpieczeniowe mog\u0105 brzmie\u0107 jak skomplikowany temat, ale w rzeczywisto\u015bci s\u0105 to narz\u0119dzia, kt\u00f3re pomagaj\u0105 w realizacji r\u00f3\u017cnych przedsi\u0119wzi\u0119\u0107, daj\u0105c pewno\u015b\u0107, \u017ce zobowi\u0105zania finansowe lub inne zostan\u0105 spe\u0142nione. W tym artykule wyja\u015bnimy, czym s\u0105 gwarancje ubezpieczeniowe, do czego s\u0142u\u017c\u0105, jak si\u0119 z nich korzysta i jak wygl\u0105da proces ich uzyskania i realizacji.<\/p>\n\n\n\n<p><strong>Co to jest gwarancja ubezpieczeniowa?<\/strong><\/p>\n\n\n\n<p>Gwarancja ubezpieczeniowa to forma zabezpieczenia, jak\u0105 udziela firma ubezpieczeniowa (gwarant) na rzecz zleceniodawcy, aby zagwarantowa\u0107 spe\u0142nienie okre\u015blonych zobowi\u0105za\u0144 przez wykonawc\u0119 (ubezpieczonego). Jest to obietnica, \u017ce je\u015bli wykonawca nie wywi\u0105\u017ce si\u0119 ze swoich obowi\u0105zk\u00f3w, gwarant wyp\u0142aci okre\u015blon\u0105 kwot\u0119 pieni\u0119dzy zleceniodawcy, co pozwala mu na pokrycie koszt\u00f3w wynik\u0142ych z niedotrzymania umowy.<\/p>\n\n\n\n<p>Przyk\u0142ad? Wyobra\u017a sobie, \u017ce firma budowlana podejmuje si\u0119 budowy drogi. Inwestor chce mie\u0107 pewno\u015b\u0107, \u017ce je\u015bli firma nie wybuduje drogi na czas lub zgodnie z warunkami umowy, nie zostanie z tym problemem sama. Dlatego firma budowlana musi przed\u0142o\u017cy\u0107 gwarancj\u0119 ubezpieczeniow\u0105, kt\u00f3ra pokryje potencjalne straty inwestora.<\/p>\n\n\n\n<p><strong>Po co korzysta si\u0119 z gwarancji ubezpieczeniowych?<\/strong><\/p>\n\n\n\n<p>Gwarancje ubezpieczeniowe s\u0142u\u017c\u0105 g\u0142\u00f3wnie do zabezpieczania interes\u00f3w stron umowy. Inwestor lub zleceniodawca zyskuje pewno\u015b\u0107, \u017ce nawet je\u015bli wykonawca nie wywi\u0105\u017ce si\u0119 z umowy, straty zostan\u0105 pokryte. To narz\u0119dzie, kt\u00f3re chroni przed ryzykiem, a tak\u017ce zwi\u0119ksza wiarygodno\u015b\u0107 wykonawc\u00f3w, kt\u00f3rzy musz\u0105 udowodni\u0107 swoj\u0105 solidno\u015b\u0107, aby uzyska\u0107 tak\u0105 gwarancj\u0119 od firmy ubezpieczeniowej.<\/p>\n\n\n\n<p>Gwarancje ubezpieczeniowe s\u0105 cz\u0119sto wykorzystywane w przetargach publicznych, budownictwie, projektach infrastrukturalnych, a tak\u017ce w handlu mi\u0119dzynarodowym.<\/p>\n\n\n\n<p><strong>Jak wygl\u0105da proces uzyskania gwarancji ubezpieczeniowej?<\/strong><\/p>\n\n\n\n<p>\u00a0\u00a0\u00a0\u00a0\u00a0\u00a0\u00a0\u00a0\u00a0\u00a0\u00a0\u00a0\u00a0\u00a0\u00a0\u00a0\u00a0\u00a01.\u00a0\u00a0<strong>Z\u0142o\u017cenie wniosku<\/strong>: Wykonawca, kt\u00f3ry potrzebuje gwarancji, sk\u0142ada wniosek do firmy ubezpieczeniowej. We wniosku musi dostarczy\u0107 informacje o projekcie, swoim do\u015bwiadczeniu, a tak\u017ce sytuacji finansowej.<\/p>\n\n\n\n<p>\u00a0\u00a0\u00a0\u00a0\u00a0\u00a0\u00a0\u00a0\u00a0\u00a0\u00a0\u00a0\u00a0\u00a0\u00a0\u00a0\u00a0\u00a02.\u00a0\u00a0<strong>Ocena ryzyka przez ubezpieczyciela<\/strong>: Firma ubezpieczeniowa analizuje ryzyko zwi\u0105zane z udzieleniem gwarancji. Ocena dotyczy g\u0142\u00f3wnie wiarygodno\u015bci finansowej wykonawcy oraz mo\u017cliwo\u015bci realizacji przez niego zobowi\u0105za\u0144. Ubezpieczyciel chce mie\u0107 pewno\u015b\u0107, \u017ce wykonawca jest w stanie dotrzyma\u0107 warunk\u00f3w umowy.<\/p>\n\n\n\n<p>\u00a0\u00a0\u00a0\u00a0\u00a0\u00a0\u00a0\u00a0\u00a0\u00a0\u00a0\u00a0\u00a0\u00a0\u00a0\u00a0\u00a0\u00a03.\u00a0\u00a0<strong>Warunki gwarancji<\/strong>: Je\u017celi ocena wypada pozytywnie, ubezpieczyciel proponuje warunki gwarancji \u2013 okre\u015bla, na jak\u0105 kwot\u0119 opiewa gwarancja, jakie b\u0119d\u0105 koszty (sk\u0142adki) i jakie s\u0105 zobowi\u0105zania stron.<\/p>\n\n\n\n<p>\u00a0\u00a0\u00a0\u00a0\u00a0\u00a0\u00a0\u00a0\u00a0\u00a0\u00a0\u00a0\u00a0\u00a0\u00a0\u00a0\u00a0\u00a04.\u00a0\u00a0<strong>Wydanie gwarancji<\/strong>: Po akceptacji warunk\u00f3w przez wykonawc\u0119, ubezpieczyciel wystawia dokument gwarancji ubezpieczeniowej, kt\u00f3ry mo\u017ce by\u0107 przed\u0142o\u017cony zleceniodawcy jako zabezpieczenie umowy.<\/p>\n\n\n\n<p>Istnieje te\u017c mo\u017cliwo\u015b\u0107 podpisania umowy okresowej o udzielenie gwarancji. W takiej umowie okre\u015blany jest limit do kt\u00f3rej Ubezpieczyciel b\u0119dzie wydawa\u0142 gwarancje w trakcie trwania umowy (limit co do zasady odnawia si\u0119 co roku). Rekomendujemy swoim klientom zawieranie um\u00f3w okresowych. W praktyce bardzo to przyspiesza wydawanie gwarancji do przetarg\u00f3w w ci\u0105gu roku i ogranicza ilo\u015b\u0107 dokumentacji niezb\u0119dnej do wydania gwarancji.<\/p>\n\n\n\n<p><strong>Jak skorzysta\u0107 z gwarancji ubezpieczeniowej?<\/strong><\/p>\n\n\n\n<p>\u00a0\u00a0\u00a0\u00a0\u00a0\u00a0\u00a0\u00a0\u00a0\u00a0\u00a0\u00a0\u00a0\u00a0\u00a0\u00a0\u00a0\u00a01.\u00a0\u00a0<strong>Wyst\u0105pienie roszczenia<\/strong>: Je\u017celi wykonawca nie wywi\u0105\u017ce si\u0119 ze swoich zobowi\u0105za\u0144 (np. nie uko\u0144czy projektu w terminie, naruszy warunki umowy), zleceniodawca (beneficjent gwarancji) mo\u017ce wyst\u0105pi\u0107 do firmy ubezpieczeniowej z roszczeniem o wyp\u0142at\u0119 okre\u015blonej w gwarancji kwoty.<\/p>\n\n\n\n<p>\u00a0\u00a0\u00a0\u00a0\u00a0\u00a0\u00a0\u00a0\u00a0\u00a0\u00a0\u00a0\u00a0\u00a0\u00a0\u00a0\u00a0\u00a02.\u00a0 <strong>Ocena roszczenia przez ubezpieczyciela<\/strong>: Po zg\u0142oszeniu roszczenia, ubezpieczyciel przeprowadza analiz\u0119, aby potwierdzi\u0107, czy roszczenie jest zasadne. Sprawdza, czy faktycznie dosz\u0142o do naruszenia umowy i czy s\u0105 podstawy do wyp\u0142aty.<\/p>\n\n\n\n<p>\u00a0\u00a0\u00a0\u00a0\u00a0\u00a0\u00a0\u00a0\u00a0\u00a0\u00a0\u00a0\u00a0\u00a0\u00a0\u00a0\u00a0\u00a03.\u00a0\u00a0<strong>Wyp\u0142ata lub odrzucenie roszczenia<\/strong>: Je\u015bli analiza potwierdzi zasadno\u015b\u0107 roszczenia, ubezpieczyciel wyp\u0142aca \u015brodki zleceniodawcy. W przeciwnym razie roszczenie mo\u017ce zosta\u0107 odrzucone, je\u015bli ubezpieczyciel uzna, \u017ce warunki gwarancji nie zosta\u0142y spe\u0142nione.<\/p>\n\n\n\n<p>\u00a0\u00a0\u00a0\u00a0\u00a0\u00a0\u00a0\u00a0\u00a0\u00a0\u00a0\u00a0\u00a0\u00a0\u00a0\u00a0\u00a0\u00a04.\u00a0\u00a0<strong>Regres.<\/strong>\u00a0Musimy pami\u0119ta\u0107, \u017ce gwarancja ubezpieczeniowa dzia\u0142a inaczej ni\u017c standardowe ubezpieczenie maj\u0105tkowe. W ubezpieczeniu maj\u0105tkowym po wyst\u0105pieniu zdarzenia szkodowego, Ubezpieczyciel wyp\u0142aca odszkodowanie, kt\u00f3re ma rekompensowa\u0107 Twoj\u0105 strat\u0119. W przypadku gwarancji ubezpieczeniowych, zabezpieczaj\u0105 one interes Twojego partnera biznesowego, czyli w momencie wyp\u0142aty \u015bwiadczenia na jego rzecz, Ty b\u0119dziesz musia\u0142 pokry\u0107 kwot\u0119 wyp\u0142aconej gwarancji. Po to na umowach gwarancji ustanawia si\u0119 zabezpieczenie.<\/p>\n\n\n\n<p><strong>Podsumowanie<\/strong><\/p>\n\n\n\n<p>Gwarancje ubezpieczeniowe to narz\u0119dzie, kt\u00f3re chroni zleceniodawc\u0119 przed ryzykiem, \u017ce wykonawca nie wywi\u0105\u017ce si\u0119 ze swoich zobowi\u0105za\u0144. Uzyskanie gwarancji wymaga przej\u015bcia przez proces oceny ryzyka, a samo skorzystanie z niej nast\u0119puje w sytuacji, gdy umowa nie jest zrealizowana zgodnie z ustaleniami. Dzi\u0119ki gwarancji, nawet w przypadku problem\u00f3w z realizacj\u0105 projektu, straty finansowe zleceniodawcy mog\u0105 zosta\u0107 zrekompensowane.<\/p>\n","protected":false},"excerpt":{"rendered":"<p>Gwarancje Ubezpieczeniowe \u2013 Przewodnik Gwarancje ubezpieczeniowe mog\u0105 brzmie\u0107 jak skomplikowany temat, ale w rzeczywisto\u015bci s\u0105 to narz\u0119dzia, kt\u00f3re pomagaj\u0105 w realizacji r\u00f3\u017cnych przedsi\u0119wzi\u0119\u0107, daj\u0105c pewno\u015b\u0107, \u017ce zobowi\u0105zania finansowe lub inne zostan\u0105 spe\u0142nione. W tym artykule wyja\u015bnimy, czym s\u0105 gwarancje ubezpieczeniowe, do czego s\u0142u\u017c\u0105, jak si\u0119 z nich korzysta i jak wygl\u0105da proces ich uzyskania i [&hellip;]<\/p>\n","protected":false},"author":1,"featured_media":0,"parent":0,"menu_order":0,"comment_status":"closed","ping_status":"closed","template":"","meta":{"footnotes":""},"class_list":["post-96","page","type-page","status-publish","hentry"],"jetpack_sharing_enabled":true,"_links":{"self":[{"href":"https:\/\/www.gwarancje-kontraktowe.com\/index.php\/wp-json\/wp\/v2\/pages\/96","targetHints":{"allow":["GET"]}}],"collection":[{"href":"https:\/\/www.gwarancje-kontraktowe.com\/index.php\/wp-json\/wp\/v2\/pages"}],"about":[{"href":"https:\/\/www.gwarancje-kontraktowe.com\/index.php\/wp-json\/wp\/v2\/types\/page"}],"author":[{"embeddable":true,"href":"https:\/\/www.gwarancje-kontraktowe.com\/index.php\/wp-json\/wp\/v2\/users\/1"}],"replies":[{"embeddable":true,"href":"https:\/\/www.gwarancje-kontraktowe.com\/index.php\/wp-json\/wp\/v2\/comments?post=96"}],"version-history":[{"count":2,"href":"https:\/\/www.gwarancje-kontraktowe.com\/index.php\/wp-json\/wp\/v2\/pages\/96\/revisions"}],"predecessor-version":[{"id":154,"href":"https:\/\/www.gwarancje-kontraktowe.com\/index.php\/wp-json\/wp\/v2\/pages\/96\/revisions\/154"}],"wp:attachment":[{"href":"https:\/\/www.gwarancje-kontraktowe.com\/index.php\/wp-json\/wp\/v2\/media?parent=96"}],"curies":[{"name":"wp","href":"https:\/\/api.w.org\/{rel}","templated":true}]}}